{"id":11401,"date":"2021-03-18T11:41:36","date_gmt":"2021-03-18T10:41:36","guid":{"rendered":"https:\/\/www.mysticburger.com\/montorfano\/?post_type=product&#038;p=11401"},"modified":"2021-03-18T11:41:37","modified_gmt":"2021-03-18T10:41:37","slug":"braci-e-baci","status":"publish","type":"product","link":"https:\/\/www.mysticburger.com\/montorfano\/prodotto\/braci-e-baci\/","title":{"rendered":"BRACI E BACI"},"content":{"rendered":"","protected":false},"excerpt":{"rendered":"<p>UN MONDO DI BRACI PER IL MIO PAPI! \ud83d\udc68\u200d\ud83d\udc67\u200d\ud83d\udc66<\/p>\n<p>VENERD\u00cc \u00c8 LA FESTA DEL PAP\u00c0 E PER L\u2019OCCASIONE ABBIAMO PREPARATO IL REGALO PERFETTO! \ud83c\udf81\ud83c\udf89<\/p>\n<p>UNA MISTICA BOX IN LEGNO CON COSTATA A SCELTA DAL NOSTRO FROLLATORE, OLIO GUGLIELMI (10ML) E BOTTIGLIA DI VINO DALLA NOSTRA CANTINA. \ud83e\udd69\ud83c\udf7e<\/p>\n<p>UNA VOLTA GUSTATE LE PRELIBATEZZE, IL CONTENITORE IN LEGNO \u00c8 PERFETTO PER CONSERVARE SPEZIE E ALIMENTI NELLA VOSTRA CUCINA MENTRE IL COPERCHIO DIVENTA UN PRATICO TAGLIERE, OPPURE UTILE PER GLI ATTREZZI DEL PAP\u00c0! \ud83c\udf71\ud83e\uddf0<\/p>\n<p>LE BOX SONO DISPONILI SU PRENOTAZIONE E PERSONALIZZABILI NEL CONTENUTO. RICEVILA ORA CON IL SERVIZIO DI CONSEGNA A DOMICILIO O VIENI A RITIRARLA NEI NOSTRI STORE \ud83c\udfd8\ud83d\udef5<\/p>\n","protected":false},"featured_media":11403,"template":"","meta":{"inline_featured_image":false},"product_brand":[],"product_cat":[134],"product_tag":[],"class_list":{"0":"post-11401","1":"product","2":"type-product","3":"status-publish","4":"has-post-thumbnail","6":"product_cat-happy-box","8":"first","9":"instock","10":"shipping-taxable","11":"purchasable","12":"product-type-simple"},"yoast_head":"<!-- This site is optimized with the Yoast SEO plugin v27.0 - https:\/\/yoast.com\/product\/yoast-seo-wordpress\/ -->\n<title>BRACI E BACI - Mystic Montorfano<\/title>\n<meta name=\"robots\" content=\"index, follow, max-snippet:-1, max-image-preview:large, max-video-preview:-1\" \/>\n<link rel=\"canonical\" href=\"https:\/\/www.mysticburger.com\/montorfano\/prodotto\/braci-e-baci\/\" \/>\n<meta property=\"og:locale\" content=\"it_IT\" \/>\n<meta property=\"og:type\" content=\"article\" \/>\n<meta property=\"og:title\" content=\"BRACI E BACI - Mystic Montorfano\" \/>\n<meta property=\"og:description\" content=\"UN MONDO DI BRACI PER IL MIO PAPI! \ud83d\udc68\u200d\ud83d\udc67\u200d\ud83d\udc66  VENERD\u00cc \u00c8 LA FESTA DEL PAP\u00c0 E PER L\u2019OCCASIONE ABBIAMO PREPARATO IL REGALO PERFETTO! \ud83c\udf81\ud83c\udf89  UNA MISTICA BOX IN LEGNO CON COSTATA A SCELTA DAL NOSTRO FROLLATORE, OLIO GUGLIELMI (10ML) E BOTTIGLIA DI VINO DALLA NOSTRA CANTINA. \ud83e\udd69\ud83c\udf7e  UNA VOLTA GUSTATE LE PRELIBATEZZE, IL CONTENITORE IN LEGNO \u00c8 PERFETTO PER CONSERVARE SPEZIE E ALIMENTI NELLA VOSTRA CUCINA MENTRE IL COPERCHIO DIVENTA UN PRATICO TAGLIERE, OPPURE UTILE PER GLI ATTREZZI DEL PAP\u00c0! \ud83c\udf71\ud83e\uddf0  LE BOX SONO DISPONILI SU PRENOTAZIONE E PERSONALIZZABILI NEL CONTENUTO. RICEVILA ORA CON IL SERVIZIO DI CONSEGNA A DOMICILIO O VIENI A RITIRARLA NEI NOSTRI STORE \ud83c\udfd8\ud83d\udef5\" \/>\n<meta property=\"og:url\" content=\"https:\/\/www.mysticburger.com\/montorfano\/prodotto\/braci-e-baci\/\" \/>\n<meta property=\"og:site_name\" content=\"Mystic Montorfano\" \/>\n<meta property=\"article:publisher\" content=\"https:\/\/www.facebook.com\/MysticBurgerOfficial\" \/>\n<meta property=\"article:modified_time\" content=\"2021-03-18T10:41:37+00:00\" \/>\n<meta property=\"og:image\" content=\"https:\/\/www.mysticburger.com\/montorfano\/wp-content\/uploads\/sites\/4\/2021\/03\/mystic.jpg\" \/>\n\t<meta property=\"og:image:width\" content=\"1200\" \/>\n\t<meta property=\"og:image:height\" content=\"1202\" \/>\n\t<meta property=\"og:image:type\" content=\"image\/jpeg\" \/>\n<meta name=\"twitter:card\" content=\"summary_large_image\" \/>\n<script type=\"application\/ld+json\" class=\"yoast-schema-graph\">{\"@context\":\"https:\/\/schema.org\",\"@graph\":[{\"@type\":\"WebPage\",\"@id\":\"https:\/\/www.mysticburger.com\/montorfano\/prodotto\/braci-e-baci\/\",\"url\":\"https:\/\/www.mysticburger.com\/montorfano\/prodotto\/braci-e-baci\/\",\"name\":\"BRACI E BACI - Mystic Montorfano\",\"isPartOf\":{\"@id\":\"https:\/\/www.mysticburger.com\/montorfano\/#website\"},\"primaryImageOfPage\":{\"@id\":\"https:\/\/www.mysticburger.com\/montorfano\/prodotto\/braci-e-baci\/#primaryimage\"},\"image\":{\"@id\":\"https:\/\/www.mysticburger.com\/montorfano\/prodotto\/braci-e-baci\/#primaryimage\"},\"thumbnailUrl\":\"https:\/\/www.mysticburger.com\/montorfano\/wp-content\/uploads\/sites\/4\/2021\/03\/mystic.jpg\",\"datePublished\":\"2021-03-18T10:41:36+00:00\",\"dateModified\":\"2021-03-18T10:41:37+00:00\",\"breadcrumb\":{\"@id\":\"https:\/\/www.mysticburger.com\/montorfano\/prodotto\/braci-e-baci\/#breadcrumb\"},\"inLanguage\":\"it-IT\",\"potentialAction\":[{\"@type\":\"ReadAction\",\"target\":[\"https:\/\/www.mysticburger.com\/montorfano\/prodotto\/braci-e-baci\/\"]}]},{\"@type\":\"ImageObject\",\"inLanguage\":\"it-IT\",\"@id\":\"https:\/\/www.mysticburger.com\/montorfano\/prodotto\/braci-e-baci\/#primaryimage\",\"url\":\"https:\/\/www.mysticburger.com\/montorfano\/wp-content\/uploads\/sites\/4\/2021\/03\/mystic.jpg\",\"contentUrl\":\"https:\/\/www.mysticburger.com\/montorfano\/wp-content\/uploads\/sites\/4\/2021\/03\/mystic.jpg\",\"width\":1200,\"height\":1202},{\"@type\":\"BreadcrumbList\",\"@id\":\"https:\/\/www.mysticburger.com\/montorfano\/prodotto\/braci-e-baci\/#breadcrumb\",\"itemListElement\":[{\"@type\":\"ListItem\",\"position\":1,\"name\":\"Home\",\"item\":\"https:\/\/www.mysticburger.com\/montorfano\/\"},{\"@type\":\"ListItem\",\"position\":2,\"name\":\"Shop\",\"item\":\"https:\/\/www.mysticburger.com\/montorfano\/negozio\/\"},{\"@type\":\"ListItem\",\"position\":3,\"name\":\"BRACI E BACI\"}]},{\"@type\":\"WebSite\",\"@id\":\"https:\/\/www.mysticburger.com\/montorfano\/#website\",\"url\":\"https:\/\/www.mysticburger.com\/montorfano\/\",\"name\":\"Mystic Burger Montorfano\",\"description\":\"Burger and more\",\"publisher\":{\"@id\":\"https:\/\/www.mysticburger.com\/montorfano\/#organization\"},\"potentialAction\":[{\"@type\":\"SearchAction\",\"target\":{\"@type\":\"EntryPoint\",\"urlTemplate\":\"https:\/\/www.mysticburger.com\/montorfano\/?s={search_term_string}\"},\"query-input\":{\"@type\":\"PropertyValueSpecification\",\"valueRequired\":true,\"valueName\":\"search_term_string\"}}],\"inLanguage\":\"it-IT\"},{\"@type\":\"Organization\",\"@id\":\"https:\/\/www.mysticburger.com\/montorfano\/#organization\",\"name\":\"Mystic Burger Montorfano\",\"url\":\"https:\/\/www.mysticburger.com\/montorfano\/\",\"logo\":{\"@type\":\"ImageObject\",\"inLanguage\":\"it-IT\",\"@id\":\"https:\/\/www.mysticburger.com\/montorfano\/#\/schema\/logo\/image\/\",\"url\":\"https:\/\/www.mysticburger.com\/montorfano\/wp-content\/uploads\/sites\/4\/2020\/04\/mystic_mobile-1.png\",\"contentUrl\":\"https:\/\/www.mysticburger.com\/montorfano\/wp-content\/uploads\/sites\/4\/2020\/04\/mystic_mobile-1.png\",\"width\":460,\"height\":296,\"caption\":\"Mystic Burger Montorfano\"},\"image\":{\"@id\":\"https:\/\/www.mysticburger.com\/montorfano\/#\/schema\/logo\/image\/\"},\"sameAs\":[\"https:\/\/www.facebook.com\/MysticBurgerOfficial\",\"https:\/\/www.instagram.com\/mystic_burger\/\",\"https:\/\/www.youtube.com\/channel\/UCkPG24Ff784aWk4rP-gDu4w\"]}]}<\/script>\n<!-- \/ Yoast SEO plugin. -->","yoast_head_json":{"title":"BRACI E BACI - Mystic Montorfano","robots":{"index":"index","follow":"follow","max-snippet":"max-snippet:-1","max-image-preview":"max-image-preview:large","max-video-preview":"max-video-preview:-1"},"canonical":"https:\/\/www.mysticburger.com\/montorfano\/prodotto\/braci-e-baci\/","og_locale":"it_IT","og_type":"article","og_title":"BRACI E BACI - Mystic Montorfano","og_description":"UN MONDO DI BRACI PER IL MIO PAPI! \ud83d\udc68\u200d\ud83d\udc67\u200d\ud83d\udc66  VENERD\u00cc \u00c8 LA FESTA DEL PAP\u00c0 E PER L\u2019OCCASIONE ABBIAMO PREPARATO IL REGALO PERFETTO! \ud83c\udf81\ud83c\udf89  UNA MISTICA BOX IN LEGNO CON COSTATA A SCELTA DAL NOSTRO FROLLATORE, OLIO GUGLIELMI (10ML) E BOTTIGLIA DI VINO DALLA NOSTRA CANTINA. \ud83e\udd69\ud83c\udf7e  UNA VOLTA GUSTATE LE PRELIBATEZZE, IL CONTENITORE IN LEGNO \u00c8 PERFETTO PER CONSERVARE SPEZIE E ALIMENTI NELLA VOSTRA CUCINA MENTRE IL COPERCHIO DIVENTA UN PRATICO TAGLIERE, OPPURE UTILE PER GLI ATTREZZI DEL PAP\u00c0! \ud83c\udf71\ud83e\uddf0  LE BOX SONO DISPONILI SU PRENOTAZIONE E PERSONALIZZABILI NEL CONTENUTO. RICEVILA ORA CON IL SERVIZIO DI CONSEGNA A DOMICILIO O VIENI A RITIRARLA NEI NOSTRI STORE \ud83c\udfd8\ud83d\udef5","og_url":"https:\/\/www.mysticburger.com\/montorfano\/prodotto\/braci-e-baci\/","og_site_name":"Mystic Montorfano","article_publisher":"https:\/\/www.facebook.com\/MysticBurgerOfficial","article_modified_time":"2021-03-18T10:41:37+00:00","og_image":[{"width":1200,"height":1202,"url":"https:\/\/www.mysticburger.com\/montorfano\/wp-content\/uploads\/sites\/4\/2021\/03\/mystic.jpg","type":"image\/jpeg"}],"twitter_card":"summary_large_image","schema":{"@context":"https:\/\/schema.org","@graph":[{"@type":"WebPage","@id":"https:\/\/www.mysticburger.com\/montorfano\/prodotto\/braci-e-baci\/","url":"https:\/\/www.mysticburger.com\/montorfano\/prodotto\/braci-e-baci\/","name":"BRACI E BACI - Mystic Montorfano","isPartOf":{"@id":"https:\/\/www.mysticburger.com\/montorfano\/#website"},"primaryImageOfPage":{"@id":"https:\/\/www.mysticburger.com\/montorfano\/prodotto\/braci-e-baci\/#primaryimage"},"image":{"@id":"https:\/\/www.mysticburger.com\/montorfano\/prodotto\/braci-e-baci\/#primaryimage"},"thumbnailUrl":"https:\/\/www.mysticburger.com\/montorfano\/wp-content\/uploads\/sites\/4\/2021\/03\/mystic.jpg","datePublished":"2021-03-18T10:41:36+00:00","dateModified":"2021-03-18T10:41:37+00:00","breadcrumb":{"@id":"https:\/\/www.mysticburger.com\/montorfano\/prodotto\/braci-e-baci\/#breadcrumb"},"inLanguage":"it-IT","potentialAction":[{"@type":"ReadAction","target":["https:\/\/www.mysticburger.com\/montorfano\/prodotto\/braci-e-baci\/"]}]},{"@type":"ImageObject","inLanguage":"it-IT","@id":"https:\/\/www.mysticburger.com\/montorfano\/prodotto\/braci-e-baci\/#primaryimage","url":"https:\/\/www.mysticburger.com\/montorfano\/wp-content\/uploads\/sites\/4\/2021\/03\/mystic.jpg","contentUrl":"https:\/\/www.mysticburger.com\/montorfano\/wp-content\/uploads\/sites\/4\/2021\/03\/mystic.jpg","width":1200,"height":1202},{"@type":"BreadcrumbList","@id":"https:\/\/www.mysticburger.com\/montorfano\/prodotto\/braci-e-baci\/#breadcrumb","itemListElement":[{"@type":"ListItem","position":1,"name":"Home","item":"https:\/\/www.mysticburger.com\/montorfano\/"},{"@type":"ListItem","position":2,"name":"Shop","item":"https:\/\/www.mysticburger.com\/montorfano\/negozio\/"},{"@type":"ListItem","position":3,"name":"BRACI E BACI"}]},{"@type":"WebSite","@id":"https:\/\/www.mysticburger.com\/montorfano\/#website","url":"https:\/\/www.mysticburger.com\/montorfano\/","name":"Mystic Burger Montorfano","description":"Burger and more","publisher":{"@id":"https:\/\/www.mysticburger.com\/montorfano\/#organization"},"potentialAction":[{"@type":"SearchAction","target":{"@type":"EntryPoint","urlTemplate":"https:\/\/www.mysticburger.com\/montorfano\/?s={search_term_string}"},"query-input":{"@type":"PropertyValueSpecification","valueRequired":true,"valueName":"search_term_string"}}],"inLanguage":"it-IT"},{"@type":"Organization","@id":"https:\/\/www.mysticburger.com\/montorfano\/#organization","name":"Mystic Burger Montorfano","url":"https:\/\/www.mysticburger.com\/montorfano\/","logo":{"@type":"ImageObject","inLanguage":"it-IT","@id":"https:\/\/www.mysticburger.com\/montorfano\/#\/schema\/logo\/image\/","url":"https:\/\/www.mysticburger.com\/montorfano\/wp-content\/uploads\/sites\/4\/2020\/04\/mystic_mobile-1.png","contentUrl":"https:\/\/www.mysticburger.com\/montorfano\/wp-content\/uploads\/sites\/4\/2020\/04\/mystic_mobile-1.png","width":460,"height":296,"caption":"Mystic Burger Montorfano"},"image":{"@id":"https:\/\/www.mysticburger.com\/montorfano\/#\/schema\/logo\/image\/"},"sameAs":["https:\/\/www.facebook.com\/MysticBurgerOfficial","https:\/\/www.instagram.com\/mystic_burger\/","https:\/\/www.youtube.com\/channel\/UCkPG24Ff784aWk4rP-gDu4w"]}]}},"_links":{"self":[{"href":"https:\/\/www.mysticburger.com\/montorfano\/wp-json\/wp\/v2\/product\/11401","targetHints":{"allow":["GET"]}}],"collection":[{"href":"https:\/\/www.mysticburger.com\/montorfano\/wp-json\/wp\/v2\/product"}],"about":[{"href":"https:\/\/www.mysticburger.com\/montorfano\/wp-json\/wp\/v2\/types\/product"}],"wp:featuredmedia":[{"embeddable":true,"href":"https:\/\/www.mysticburger.com\/montorfano\/wp-json\/wp\/v2\/media\/11403"}],"wp:attachment":[{"href":"https:\/\/www.mysticburger.com\/montorfano\/wp-json\/wp\/v2\/media?parent=11401"}],"wp:term":[{"taxonomy":"product_brand","embeddable":true,"href":"https:\/\/www.mysticburger.com\/montorfano\/wp-json\/wp\/v2\/product_brand?post=11401"},{"taxonomy":"product_cat","embeddable":true,"href":"https:\/\/www.mysticburger.com\/montorfano\/wp-json\/wp\/v2\/product_cat?post=11401"},{"taxonomy":"product_tag","embeddable":true,"href":"https:\/\/www.mysticburger.com\/montorfano\/wp-json\/wp\/v2\/product_tag?post=11401"}],"curies":[{"name":"wp","href":"https:\/\/api.w.org\/{rel}","templated":true}]}}