{"id":5399,"date":"2020-04-27T19:04:23","date_gmt":"2020-04-27T19:04:23","guid":{"rendered":"http:\/\/www.mysticburger.com\/montorfano\/?page_id=5399"},"modified":"2020-05-07T14:37:19","modified_gmt":"2020-05-07T12:37:19","slug":"ingredienti","status":"publish","type":"page","link":"https:\/\/www.mysticburger.com\/montorfano\/ingredienti\/","title":{"rendered":"INGREDIENTI"},"content":{"rendered":"<div class=\"wpb-content-wrapper\"><p>[vc_row full_width=&#8221;stretch_row_content&#8221; disable_element=&#8221;yes&#8221;][vc_column width=&#8221;1\/6&#8243; css=&#8221;.vc_custom_1588854262219{padding-left: 40px !important;}&#8221;][vc_column_text]<\/p>\n<h2><span style=\"color: #fbc900;\">CARNE<\/span><\/h2>\n<p>[\/vc_column_text][\/vc_column][vc_column width=&#8221;5\/6&#8243; css=&#8221;.vc_custom_1588854271018{padding-right: 40px !important;padding-left: 40px !important;}&#8221;][vc_row_inner gap=&#8221;35&#8243;][vc_column_inner width=&#8221;1\/3&#8243;][vc_column_text]<\/p>\n<h3>RAZZA PIEMONTESE<\/h3>\n<p>[\/vc_column_text][vc_column_text]La Piemontese \u00e8 una razza bovina autoctona del Piemonte originariamente a triplice attitudine. Viene utilizzata oggi principalmente per la carne, in particolare per la presenza di una ipertrofia muscolare della coscia (detta fassone o doppia coscia), e rappresenta tuttora un elemento caratterizzante del territorio piemontese.[\/vc_column_text][\/vc_column_inner][vc_column_inner width=&#8221;1\/3&#8243;][vc_column_text]<\/p>\n<h3>BOVINO DI LESSINIA IN AFFUMICATURA DI FAGGIO<\/h3>\n<p>[\/vc_column_text][vc_column_text]Il pane \u00e8 un prodotto alimentare ottenuto dalla fermentazione, dalla formatura a cui segue una lievitazione, e successiva cottura in forno di un impasto a base di farina (normale o integrale) di cereali, acqua, confezionato con diverse modalit\u00e0, arricchito e caratterizzato frequentemente da ingredienti differenti a seconda del luogo e delle tradizioni dove viene preparato. Pu\u00f2 anche essere non lievitato, detto perci\u00f2 azzimo, soprattutto nel caso in cui sia da conservare per lunghi periodi. Tale non \u00e8 per\u00f2 il biscotto del marinaio, detto anche &#8220;galletta&#8221;, cibo di lunga durata (anche mesi) tipico della marineria a vela, che \u00e8 proprio un &#8220;bis-cotto&#8221;, cio\u00e8 cotto due volte; anche diversi pani regionali italiani sono azzimi. Il pane non lievitato \u00e8 diffuso in diversi paesi medio-orientali, ed \u00e8 maggiormente prodotto senza aggiunta di sale. Quando assume la forma di pane basso \u00e8 spesso usato come componente di piatti che prevedono la presenza di condimenti (tipici esempi di pane basso regionale italiano sono la pizza napoletana, la focaccia genovese e la piadina romagnola).[\/vc_column_text][\/vc_column_inner][vc_column_inner width=&#8221;1\/3&#8243;][vc_column_text]<\/p>\n<h3>PANE HAMBURGER ARTIGIANALE CLASSICO<\/h3>\n<p>[\/vc_column_text][vc_column_text]Il pane \u00e8 un prodotto alimentare ottenuto dalla fermentazione, dalla formatura a cui segue una lievitazione, e successiva cottura in forno di un impasto a base di farina (normale o integrale) di cereali, acqua, confezionato con diverse modalit\u00e0, arricchito e caratterizzato frequentemente da ingredienti differenti a seconda del luogo e delle tradizioni dove viene preparato. Pu\u00f2 anche essere non lievitato, detto perci\u00f2 azzimo, soprattutto nel caso in cui sia da conservare per lunghi periodi. Tale non \u00e8 per\u00f2 il biscotto del marinaio, detto anche &#8220;galletta&#8221;, cibo di lunga durata (anche mesi) tipico della marineria a vela, che \u00e8 proprio un &#8220;bis-cotto&#8221;, cio\u00e8 cotto due volte; anche diversi pani regionali italiani sono azzimi. Il pane non lievitato \u00e8 diffuso in diversi paesi medio-orientali, ed \u00e8 maggiormente prodotto senza aggiunta di sale. Quando assume la forma di pane basso \u00e8 spesso usato come componente di piatti che prevedono la presenza di condimenti (tipici esempi di pane basso regionale italiano sono la pizza napoletana, la focaccia genovese e la piadina romagnola).[\/vc_column_text][\/vc_column_inner][\/vc_row_inner][vc_separator color=&#8221;custom&#8221; css=&#8221;.vc_custom_1588854208395{padding-top: 2% !important;padding-bottom: 2% !important;}&#8221; accent_color=&#8221;#383838&#8243;][\/vc_column][\/vc_row][vc_row][vc_column][vc_column_text]<\/p>\n<p style=\"text-align: center;\">PAGINA IN COSTRUZIONE<\/p>\n<p>[\/vc_column_text][\/vc_column][\/vc_row]<\/p>\n<\/div>","protected":false},"excerpt":{"rendered":"<p>[vc_row full_width=&#8221;stretch_row_content&#8221; disable_element=&#8221;yes&#8221;][vc_column width=&#8221;1\/6&#8243; css=&#8221;.vc_custom_1588854262219{padding-left: 40px !important;}&#8221;][vc_column_text] CARNE [\/vc_column_text][\/vc_column][vc_column width=&#8221;5\/6&#8243; css=&#8221;.vc_custom_1588854271018{padding-right: 40px !important;padding-left: 40px !important;}&#8221;][vc_row_inner gap=&#8221;35&#8243;][vc_column_inner width=&#8221;1\/3&#8243;][vc_column_text] RAZZA PIEMONTESE [\/vc_column_text][vc_column_text]La Piemontese \u00e8 una razza bovina autoctona del Piemonte originariamente a&hellip;<\/p>\n","protected":false},"author":1,"featured_media":0,"parent":0,"menu_order":0,"comment_status":"closed","ping_status":"closed","template":"","meta":{"inline_featured_image":false,"footnotes":""},"class_list":["post-5399","page","type-page","status-publish","hentry"],"yoast_head":"<!-- This site is optimized with the Yoast SEO plugin v27.0 - https:\/\/yoast.com\/product\/yoast-seo-wordpress\/ -->\n<title>INGREDIENTI - Mystic Montorfano<\/title>\n<meta name=\"robots\" content=\"index, follow, max-snippet:-1, max-image-preview:large, max-video-preview:-1\" \/>\n<link rel=\"canonical\" href=\"https:\/\/www.mysticburger.com\/montorfano\/ingredienti\/\" \/>\n<meta property=\"og:locale\" content=\"it_IT\" \/>\n<meta property=\"og:type\" content=\"article\" \/>\n<meta property=\"og:title\" content=\"INGREDIENTI - Mystic Montorfano\" \/>\n<meta property=\"og:description\" content=\"[vc_row full_width=&#8221;stretch_row_content&#8221; disable_element=&#8221;yes&#8221;][vc_column width=&#8221;1\/6&#8243; css=&#8221;.vc_custom_1588854262219{padding-left: 40px !important;}&#8221;][vc_column_text] CARNE [\/vc_column_text][\/vc_column][vc_column width=&#8221;5\/6&#8243; css=&#8221;.vc_custom_1588854271018{padding-right: 40px !important;padding-left: 40px !important;}&#8221;][vc_row_inner gap=&#8221;35&#8243;][vc_column_inner width=&#8221;1\/3&#8243;][vc_column_text] RAZZA PIEMONTESE [\/vc_column_text][vc_column_text]La Piemontese \u00e8 una razza bovina autoctona del Piemonte originariamente a&hellip;\" \/>\n<meta property=\"og:url\" content=\"https:\/\/www.mysticburger.com\/montorfano\/ingredienti\/\" \/>\n<meta property=\"og:site_name\" content=\"Mystic Montorfano\" \/>\n<meta property=\"article:publisher\" content=\"https:\/\/www.facebook.com\/MysticBurgerOfficial\" \/>\n<meta property=\"article:modified_time\" content=\"2020-05-07T12:37:19+00:00\" \/>\n<meta name=\"twitter:card\" content=\"summary_large_image\" \/>\n<meta name=\"twitter:label1\" content=\"Tempo di lettura stimato\" \/>\n\t<meta name=\"twitter:data1\" content=\"3 minuti\" \/>\n<script type=\"application\/ld+json\" class=\"yoast-schema-graph\">{\"@context\":\"https:\/\/schema.org\",\"@graph\":[{\"@type\":\"WebPage\",\"@id\":\"https:\/\/www.mysticburger.com\/montorfano\/ingredienti\/\",\"url\":\"https:\/\/www.mysticburger.com\/montorfano\/ingredienti\/\",\"name\":\"INGREDIENTI - Mystic Montorfano\",\"isPartOf\":{\"@id\":\"https:\/\/www.mysticburger.com\/montorfano\/#website\"},\"datePublished\":\"2020-04-27T19:04:23+00:00\",\"dateModified\":\"2020-05-07T12:37:19+00:00\",\"breadcrumb\":{\"@id\":\"https:\/\/www.mysticburger.com\/montorfano\/ingredienti\/#breadcrumb\"},\"inLanguage\":\"it-IT\",\"potentialAction\":[{\"@type\":\"ReadAction\",\"target\":[\"https:\/\/www.mysticburger.com\/montorfano\/ingredienti\/\"]}]},{\"@type\":\"BreadcrumbList\",\"@id\":\"https:\/\/www.mysticburger.com\/montorfano\/ingredienti\/#breadcrumb\",\"itemListElement\":[{\"@type\":\"ListItem\",\"position\":1,\"name\":\"Home\",\"item\":\"https:\/\/www.mysticburger.com\/montorfano\/\"},{\"@type\":\"ListItem\",\"position\":2,\"name\":\"INGREDIENTI\"}]},{\"@type\":\"WebSite\",\"@id\":\"https:\/\/www.mysticburger.com\/montorfano\/#website\",\"url\":\"https:\/\/www.mysticburger.com\/montorfano\/\",\"name\":\"Mystic Burger Montorfano\",\"description\":\"Burger and more\",\"publisher\":{\"@id\":\"https:\/\/www.mysticburger.com\/montorfano\/#organization\"},\"potentialAction\":[{\"@type\":\"SearchAction\",\"target\":{\"@type\":\"EntryPoint\",\"urlTemplate\":\"https:\/\/www.mysticburger.com\/montorfano\/?s={search_term_string}\"},\"query-input\":{\"@type\":\"PropertyValueSpecification\",\"valueRequired\":true,\"valueName\":\"search_term_string\"}}],\"inLanguage\":\"it-IT\"},{\"@type\":\"Organization\",\"@id\":\"https:\/\/www.mysticburger.com\/montorfano\/#organization\",\"name\":\"Mystic Burger Montorfano\",\"url\":\"https:\/\/www.mysticburger.com\/montorfano\/\",\"logo\":{\"@type\":\"ImageObject\",\"inLanguage\":\"it-IT\",\"@id\":\"https:\/\/www.mysticburger.com\/montorfano\/#\/schema\/logo\/image\/\",\"url\":\"https:\/\/www.mysticburger.com\/montorfano\/wp-content\/uploads\/sites\/4\/2020\/04\/mystic_mobile-1.png\",\"contentUrl\":\"https:\/\/www.mysticburger.com\/montorfano\/wp-content\/uploads\/sites\/4\/2020\/04\/mystic_mobile-1.png\",\"width\":460,\"height\":296,\"caption\":\"Mystic Burger Montorfano\"},\"image\":{\"@id\":\"https:\/\/www.mysticburger.com\/montorfano\/#\/schema\/logo\/image\/\"},\"sameAs\":[\"https:\/\/www.facebook.com\/MysticBurgerOfficial\",\"https:\/\/www.instagram.com\/mystic_burger\/\",\"https:\/\/www.youtube.com\/channel\/UCkPG24Ff784aWk4rP-gDu4w\"]}]}<\/script>\n<!-- \/ Yoast SEO plugin. -->","yoast_head_json":{"title":"INGREDIENTI - Mystic Montorfano","robots":{"index":"index","follow":"follow","max-snippet":"max-snippet:-1","max-image-preview":"max-image-preview:large","max-video-preview":"max-video-preview:-1"},"canonical":"https:\/\/www.mysticburger.com\/montorfano\/ingredienti\/","og_locale":"it_IT","og_type":"article","og_title":"INGREDIENTI - Mystic Montorfano","og_description":"[vc_row full_width=&#8221;stretch_row_content&#8221; disable_element=&#8221;yes&#8221;][vc_column width=&#8221;1\/6&#8243; css=&#8221;.vc_custom_1588854262219{padding-left: 40px !important;}&#8221;][vc_column_text] CARNE [\/vc_column_text][\/vc_column][vc_column width=&#8221;5\/6&#8243; css=&#8221;.vc_custom_1588854271018{padding-right: 40px !important;padding-left: 40px !important;}&#8221;][vc_row_inner gap=&#8221;35&#8243;][vc_column_inner width=&#8221;1\/3&#8243;][vc_column_text] RAZZA PIEMONTESE [\/vc_column_text][vc_column_text]La Piemontese \u00e8 una razza bovina autoctona del Piemonte originariamente a&hellip;","og_url":"https:\/\/www.mysticburger.com\/montorfano\/ingredienti\/","og_site_name":"Mystic Montorfano","article_publisher":"https:\/\/www.facebook.com\/MysticBurgerOfficial","article_modified_time":"2020-05-07T12:37:19+00:00","twitter_card":"summary_large_image","twitter_misc":{"Tempo di lettura stimato":"3 minuti"},"schema":{"@context":"https:\/\/schema.org","@graph":[{"@type":"WebPage","@id":"https:\/\/www.mysticburger.com\/montorfano\/ingredienti\/","url":"https:\/\/www.mysticburger.com\/montorfano\/ingredienti\/","name":"INGREDIENTI - Mystic Montorfano","isPartOf":{"@id":"https:\/\/www.mysticburger.com\/montorfano\/#website"},"datePublished":"2020-04-27T19:04:23+00:00","dateModified":"2020-05-07T12:37:19+00:00","breadcrumb":{"@id":"https:\/\/www.mysticburger.com\/montorfano\/ingredienti\/#breadcrumb"},"inLanguage":"it-IT","potentialAction":[{"@type":"ReadAction","target":["https:\/\/www.mysticburger.com\/montorfano\/ingredienti\/"]}]},{"@type":"BreadcrumbList","@id":"https:\/\/www.mysticburger.com\/montorfano\/ingredienti\/#breadcrumb","itemListElement":[{"@type":"ListItem","position":1,"name":"Home","item":"https:\/\/www.mysticburger.com\/montorfano\/"},{"@type":"ListItem","position":2,"name":"INGREDIENTI"}]},{"@type":"WebSite","@id":"https:\/\/www.mysticburger.com\/montorfano\/#website","url":"https:\/\/www.mysticburger.com\/montorfano\/","name":"Mystic Burger Montorfano","description":"Burger and more","publisher":{"@id":"https:\/\/www.mysticburger.com\/montorfano\/#organization"},"potentialAction":[{"@type":"SearchAction","target":{"@type":"EntryPoint","urlTemplate":"https:\/\/www.mysticburger.com\/montorfano\/?s={search_term_string}"},"query-input":{"@type":"PropertyValueSpecification","valueRequired":true,"valueName":"search_term_string"}}],"inLanguage":"it-IT"},{"@type":"Organization","@id":"https:\/\/www.mysticburger.com\/montorfano\/#organization","name":"Mystic Burger Montorfano","url":"https:\/\/www.mysticburger.com\/montorfano\/","logo":{"@type":"ImageObject","inLanguage":"it-IT","@id":"https:\/\/www.mysticburger.com\/montorfano\/#\/schema\/logo\/image\/","url":"https:\/\/www.mysticburger.com\/montorfano\/wp-content\/uploads\/sites\/4\/2020\/04\/mystic_mobile-1.png","contentUrl":"https:\/\/www.mysticburger.com\/montorfano\/wp-content\/uploads\/sites\/4\/2020\/04\/mystic_mobile-1.png","width":460,"height":296,"caption":"Mystic Burger Montorfano"},"image":{"@id":"https:\/\/www.mysticburger.com\/montorfano\/#\/schema\/logo\/image\/"},"sameAs":["https:\/\/www.facebook.com\/MysticBurgerOfficial","https:\/\/www.instagram.com\/mystic_burger\/","https:\/\/www.youtube.com\/channel\/UCkPG24Ff784aWk4rP-gDu4w"]}]}},"_links":{"self":[{"href":"https:\/\/www.mysticburger.com\/montorfano\/wp-json\/wp\/v2\/pages\/5399","targetHints":{"allow":["GET"]}}],"collection":[{"href":"https:\/\/www.mysticburger.com\/montorfano\/wp-json\/wp\/v2\/pages"}],"about":[{"href":"https:\/\/www.mysticburger.com\/montorfano\/wp-json\/wp\/v2\/types\/page"}],"author":[{"embeddable":true,"href":"https:\/\/www.mysticburger.com\/montorfano\/wp-json\/wp\/v2\/users\/1"}],"replies":[{"embeddable":true,"href":"https:\/\/www.mysticburger.com\/montorfano\/wp-json\/wp\/v2\/comments?post=5399"}],"version-history":[{"count":15,"href":"https:\/\/www.mysticburger.com\/montorfano\/wp-json\/wp\/v2\/pages\/5399\/revisions"}],"predecessor-version":[{"id":5940,"href":"https:\/\/www.mysticburger.com\/montorfano\/wp-json\/wp\/v2\/pages\/5399\/revisions\/5940"}],"wp:attachment":[{"href":"https:\/\/www.mysticburger.com\/montorfano\/wp-json\/wp\/v2\/media?parent=5399"}],"curies":[{"name":"wp","href":"https:\/\/api.w.org\/{rel}","templated":true}]}}