{"id":2433,"date":"2020-04-26T19:21:22","date_gmt":"2020-04-26T19:21:22","guid":{"rendered":"http:\/\/www.mysticburger.com\/montorfano\/?page_id=2433"},"modified":"2020-05-06T10:19:19","modified_gmt":"2020-05-06T08:19:19","slug":"condizioni-di-vendita","status":"publish","type":"page","link":"https:\/\/www.mysticburger.com\/montorfano\/condizioni-di-vendita\/","title":{"rendered":"CONDIZIONI DI VENDITA"},"content":{"rendered":"<p>DISPOSIZIONI GENERALI<br \/>\nLe presenti condizioni generali di vendita on line sono valide esclusivamente tra la societ\u00e0 Soul Burger srl , con sede legale in S.s briantea 342 n 4, 22030 Montorfano Como C.F.\/P.IVA 09002460963, e qualsiasi persona che effettui acquisti on line sul sito internet www.mysticburger.com di seguito denominata \u201ccliente\u201d.<br \/>\nQueste condizioni possono essere oggetto di modifiche e la data di pubblicazione delle stesse sul sito equivale alla data di entrata in vigore.<br \/>\nLe presenti condizioni disciplinano gli acquisti effettuati sul predetto sito internet conformemente alle disposizioni della Parte III, Titolo III, Capo I, del Codice del Consumo, D.lgs. n. 206\/2005, modificato dal D.lgs. n. 21\/2014 e del D.lgs. 70\/2003 in materia di commercio elettronico.<\/p>\n<p>OGGETTO DEL CONTRATTO<br \/>\nCon le presenti condizioni di vendita, Soul Burger srl vende e il cliente acquista a distanza i beni indicati ed offerti sul sito www.mysticburger.com.<br \/>\nIl contratto si conclude esclusivamente attraverso la rete internet, mediante l\u2019accesso del cliente all\u2019indirizzo www.mysticburger.com, alla sezione \u201cShop\u201d e la realizzazione di un ordine di acquisto secondo la procedura prevista dal sito.<br \/>\nIl cliente si impegna a prendere visione, prima di procedere alla conferma del proprio ordine, delle presenti condizioni generali di vendita e ad accettarle mediante l\u2019apposizione di un flag nella casella indicata. L&#8217;accettazione delle condizioni di vendita include anche l&#8217;iscrizione alla mailing list aziendale che pu\u00f2 essere gestita in autonomia dal cliente tramite il link inclusi nel footer delle newsletter ricevute. Per maggiori informazioni sul trattamento dei dati \u00e8 possibile consultare la nostra Cookie &#038; Privacy Policy.<\/p>\n<p>INFORMAZIONI PRECONTRATTUALI (Art. 49 D.lgs. 206\/2005)<br \/>\nIl cliente prima della conclusione del contratto di acquisto prende visione, al momento della scelta, delle caratteristiche principali del bene che vengono illustrate nelle singole schede del prodotto contenute nella sezione \u201cShop\u201d.<br \/>\nPrima della convalida dell\u2019ordine il cliente \u00e8 informato relativamente a:<br \/>\n\u2022 prezzo totale dei beni, comprensivo di IVA, spese di spedizione e ogni altro costo;<br \/>\n\u2022 modalit\u00e0 di pagamento;<br \/>\n\u2022 termine di consegna merce<br \/>\n\u2022 condizioni, termini e procedure per esercitare il diritto di recesso;<br \/>\n\u2022 esistenza della garanzia legale di conformit\u00e0 per i beni acquistati;<br \/>\n\u2022 le informazioni relative a Mystic Burger (Soul Burger srl), l\u2019indirizzo geografico, numero di telefono ed indirizzo di posta elettronica.<\/p>\n<p>PRODOTTI E PREZZI<br \/>\nSoul Burger srl si impegna a descrivere e presentare gli articoli venduti sul sito www.mysticburger.com nel miglior modo possibile.<br \/>\nCiononostante potrebbero evidenziarsi alcuni errori, imprecisioni o piccole differenze tra il sito ed il prodotto reale.<br \/>\nLe fotografie dei prodotti presentati sul predetto sito non costituiscono elemento contrattuale, in quanto solo rappresentative.<br \/>\nI prezzi dei prodotti sono espressi in euro e sono comprensivi di IVA.<br \/>\nI costi di spedizione sono indicati separatamente e riepilogati, con e senza IVA, nel carrello \u2013 prima della conclusione del processo di acquisto \u2013 e nella fattura.<br \/>\nEventuali codici promozionali che comportano sconti sul prezzo base dovranno essere inseriti nell\u2019apposita area prima di procedere con la conferma del pagamento.<br \/>\nIl cliente accetta la facolt\u00e0 della Soul Burger srl di modificare i suoi prezzi in qualsiasi momento, tuttavia la merce sar\u00e0 fatturata sulla base dei prezzi indicati sul sito al momento della creazione dell\u2019ordine.<br \/>\nNell\u2019eventualit\u00e0 in cui venga riscontrato un errore di qualsiasi natura che possa comportare un cambiamento sostanziale \u2013 non previsto da Soul Burger srl \u2013 del prezzo di vendita, Soul Burger srl metter\u00e0 il cliente nella condizione di poter riconfermare l\u2019acquisto dei prodotti al prezzo corretto oppure di cancellarlo.<\/p>\n<p>CONCLUSIONE ED EFFICACIA DEL CONTRATTO<br \/>\nIl contratto di vendita \u00e8 considerato concluso con l\u2019invio da parte di Soul Burger srl al cliente di una e-mail di conferma dell\u2019ordine. L\u2019e-mail contiene i dati del cliente e il numero d\u2019ordine, il prezzo della merce acquistata, le spese di spedizione e l\u2019indirizzo di consegna al quale sar\u00e0 inviata la merce e il link per poter stampare ed archiviare la copia delle presenti condizioni.<br \/>\nIl cliente si impegna a verificare la correttezza dei dati personali contenuti nella mail di cui sopra ed a comunicare a Soul Burger srl le eventuali correzioni\/modifiche da apportare.<br \/>\nLa conferma dell\u2019ordine cos\u00ec inviata \u00e8 tuttavia sempre soggetta alla condizione risolutiva di un\u2019impossibilit\u00e0 totale di consegna. In tale eventualit\u00e0 il cliente sar\u00e0 informato prontamente per e-mail ed il pagamento, se gi\u00e0 effettuato, gli sar\u00e0 rimborsato per l\u2019importo totale. Se il pagamento non \u00e8 ancora avvenuto, il cliente sar\u00e0 liberato dall\u2019obbligo di pagamento.<\/p>\n<p>DISPONIBILITA\u2019 DEI PRODOTTI<br \/>\nLa disponibilit\u00e0 dei prodotti si riferisce alla disponibilit\u00e0 effettiva nel momento in cui il cliente effettua l\u2019ordine. Tale disponibilit\u00e0 deve essere considerata puramente indicativa in quanto:<br \/>\n\u2022 per effetto della contemporanea presenza sul sito di pi\u00f9 utenti, i prodotti potrebbero essere venduti ad altri clienti prima della conferma dell\u2019ordine;<br \/>\n\u2022 potrebbe verificarsi un\u2019anomalia informatica tale da rendere disponibile all\u2019acquisto un prodotto che in realt\u00e0 \u00e8 terminato.<br \/>\nAnche in seguito all\u2019invio dell\u2019e-mail di conferma dell\u2019ordine inviata da Soul Burger srl, potrebbero verificarsi casi di indisponibilit\u00e0 parziale o totale della merce. In questa eventualit\u00e0, l\u2019ordine verr\u00e0 rettificato automaticamente con l\u2019eliminazione del prodotto o dei prodotti non disponibili e il cliente verr\u00e0 immediatamente informato via e-mail; con tale e-mail il cliente verr\u00e0 altres\u00ec informato delle modalit\u00e0 e delle tempistiche di rimborso delle somme eventualmente versate.<\/p>\n<p>MODALITA\u2019 DI PAGAMENTO E FATTURAZIONE<br \/>\nI pagamenti dovranno essere eseguiti in Euro.<br \/>\nOgni pagamento da parte del cliente dovr\u00e0 avvenire unicamente tramite il circuito PayPal, tramite conto PayPal o con le seguenti carte di credito: MasterCard, Maestro, Visa, Visa Electron, American Express, Aura, Discover.<br \/>\nIn caso di pagamento con carta di credito, l\u2019effettivo addebito dell\u2019importo dell\u2019ordine avverr\u00e0 soltanto nel momento in cui l\u2019ordine sar\u00e0 completo e pronto per la spedizione.<br \/>\nIn caso di pagamento con PayPal, l\u2019effettivo addebito avverr\u00e0 al momento dell\u2019invio da parte di MP S.r.l. Unipersonale dell\u2019e-mail di conferma ordine.<br \/>\nAlcun dato della carta di credito viene salvato nei database di Soul Burger srl.<br \/>\nIn seguito al pagamento, per ogni ordine effettuato verr\u00e0 emessa una ricevuta; quest\u2019ultima potr\u00e0 essere utilizzata come documento attestante la validit\u00e0 della garanzia nei tempi e nelle modalit\u00e0 previste al punto \u201cGaranzia\u201d.<br \/>\nIl cliente ha la facolt\u00e0, in fase di conferma dell\u2019ordine, di sostituire la predetta ricevuta con la fattura, per la cui emissione faranno fede le informazioni fornite dal cliente durante la procedura di acquisto.<br \/>\nIn seguito all\u2019emissione della fattura non sar\u00e0 possibile apportare alcuna modifica ai dati indicati nella stessa.<br \/>\nIl cliente potr\u00e0 indicare un indirizzo di fatturazione diverso rispetto all\u2019indirizzo di spedizione.<\/p>\n<p>MODALITA\u2019 DI CONSEGNA<br \/>\nSoul Burger srl accetter\u00e0 solo ordini da consegnare nel territorio italiano.<br \/>\nIl costo della consegna \u00e8 pari ad \u20ac 3,00 IVA inclusa.<br \/>\nI prodotti acquistati verranno consegnati tramite rider all\u2019indirizzo indicato dal cliente al momento dell\u2019ordine entro i termini indicati in fase d&#8217;ordine dal cliente che non potranno mai essere inferiori ai 30 minuti dalla ricezione dell\u2019e-mail di conferma ordine inviata da Soul Burger srl.<br \/>\nSoul Burger srl non si assume alcuna responsabilit\u00e0 in caso di comunicazione di indirizzi errati o incompleti.<br \/>\nIn ogni caso Soul Burger srl \u00e8 totalmente sollevata da ogni responsabilit\u00e0 sulla custodia della merce a decorrere da 10 minuti dalla consegna della stessa.<br \/>\nAlla consegna del prodotto il cliente dovr\u00e0 verificare che il collo sia perfettamente chiuso e sigillato.<br \/>\nQualora il pacco consegnato non sia integro, danneggiato o il nastro adesivo risulti manomesso, il cliente \u00e8 invitato a segnalarlo immediatamente al corriere e a non provvedere al ritiro; in caso contrario il prodotto si considerer\u00e0 regolarmente consegnato e Soul Burger srl si riterr\u00e0 sollevata da responsabilit\u00e0 per eventuali danni e\/o in caso di mancanza del prodotto.<\/p>\n<p>DIRITTO DI RECESSO<br \/>\nIl cliente, conformemente alle disposizioni legali in vigore (art. 52 Codice del Consumo), ha diritto di recedere dall\u2019acquisto senza alcuna penalit\u00e0 e senza specificarne il motivo, entro il termine di 14 giorni decorrenti dalla data di ricezione dei prodotti.<br \/>\nIl cliente che intendesse esercitare il diritto di recesso dovr\u00e0 comunicarlo a Soul Burger srl tramite dichiarazione esplicita che potr\u00e0 essere trasmessa mezzo raccomandata a\/r al seguente indirizzo:<br \/>\nS.s briantea 342 n 4<br \/>\n22030 montorfano Como<br \/>\nP. I 09002460963<br \/>\nIn tal caso la restituzione dei prodotti \u00e8 effettuata a spese e rischio del cliente entro 14 giorni dal giorno in cui ha comunicato a Soul Burger srl la propria volont\u00e0 di recedere dal contratto, ai sensi dell\u2019art. 57 del D.lgs 206\/2005.<br \/>\nLa merce dovr\u00e0 essere restituita integra, nella confezione originale, completa in tutte le sue parti (compresi imballo ed eventuale documentazione e dotazione accessoria) e completa della documentazione fiscale annessa.<br \/>\nFatta salva la facolt\u00e0 di verificare il rispetto di quanto sopra, Soul Burger srl provveder\u00e0 a rimborsare l\u2019importo dei prodotti oggetto del recesso entro un termine massimo di 30 giorni dal ricevimento della merce.<br \/>\nResta inteso che la merce riconsegnata oltre i predetti termini o priva dei requisiti richiesti, non potr\u00e0 essere rimborsata da parte di Soul Burger srl.<br \/>\nCome previsto dall\u2019art. 56 co. 3 del D.lgs 206\/2005, modificato dal D.lgs 21\/2014, Soul Burger srl pu\u00f2 sospendere il rimborso fino al ricevimento dei beni oppure fino all\u2019avvenuta dimostrazione da parte del cliente di aver spedito i beni a Soul Burger srl.<br \/>\nMP Srl eseguir\u00e0 il rimborso attraverso una delle seguenti modalit\u00e0 che dovranno essere previamente scelte dal cliente nella lettera di recesso:<br \/>\n\u2022 erogazione di un buono acquisto della validit\u00e0 di un anno;<br \/>\n\u2022 riaccredito di quanto gi\u00e0 pagato mediante le coordinate bancarie che dovranno essere fornite dal cliente (IBAN e beneficiario).<br \/>\nIl diritto di recesso non pu\u00f2 essere applicato nel caso di prodotti personalizzati su esplicita richiesta del cliente al momento dell\u2019inserimento dell\u2019ordine.<\/p>\n<p>GARANZIA LEGALE DI CONFORMITA\u2019<br \/>\nAl cliente che ha stipulato il contratto in qualit\u00e0 di \u201cconsumatore\u201d (intendendosi con tale definizione qualsiasi persona fisica che agisca sul sito per scopi estranei a qualsiasi attivit\u00e0 imprenditoriale o professionale), Soul Burger srl garantisce la conformit\u00e0 del prodotto per una durata di 2 anni decorrente dalla data di consegna.<br \/>\nAl cliente che ha stipulato il contratto in qualit\u00e0 di \u201cprofessionista\u201d, Soul Burger srl garantisce la conformit\u00e0 del prodotto per la durata di un anno decorrente dalla data di consegna.<br \/>\nIn caso di ricezione di prodotti difettosi o comunque non conformi agli ordini effettuati, il cliente ha diritto, senza spese, al ripristino della conformit\u00e0 del prodotto se il difetto si manifesta nei predetti termini ed il medesimo viene denunciato entro due mesi dalla scoperta.<br \/>\nLa garanzia legale non trover\u00e0 applicazione se il vizio e\/o difetto segnalati sono dovuti a colpa, negligenza o dolo del cliente, ovvero a cause imputabili al cliente e comunque non imputabili a Soul Burger srl, compreso, a titolo esemplificativo e non esaustivo, il cattivo o improprio uso del prodotto.<\/p>\n<p>RESPONSABILITA\u2019<br \/>\nSoul Burger srl non assume alcuna responsabilit\u00e0 per disservizi imputabili a causa di forza maggiore o caso fortuito, anche ove dipendenti da malfunzionamenti e disservizi della rete internet, nel caso in cui non riesca a dare esecuzione all\u2019ordine nei tempi previsti dal contratto.<\/p>\n<p>ACCESSO AL SITO<br \/>\nIl cliente ha diritto di accedere al sito per la consultazione e l\u2019effettuazione degli acquisti. Non \u00e8 consentito alcun altro utilizzo, in particolare commerciale, del sito o del suo contenuto.<br \/>\nL\u2019integrit\u00e0 degli elementi di questo sito, che siano sonori o visivi, e la relativa tecnologia utilizzata rimangono di propriet\u00e0 della Soul Burger srl e sono protetti dal diritto di propriet\u00e0 intellettuale.<\/p>\n<p>COOKIES<br \/>\nIl sito web www.mysticburger.com utilizza i \u201ccookies\u201d. I cookies sono file elettronici che registrano informazioni relative alla navigazione del cliente nel sito (pagine consultate, data e ora della consultazione, ecc\u2026) e che permettono a Soul Burger srl di offrire un servizio personalizzato ai propri clienti.<br \/>\nSoul Burger srl informa il Cliente della possibilit\u00e0 di disattivare la creazione di tali file, accedendo al proprio men\u00f9 di configurazione Internet. Resta inteso che questo impedir\u00e0 al Cliente di procedere all\u2019acquisto on line.<br \/>\nPer maggiori informazioni consultare la sezione \u201cPrivacy e Cookie policy\u201d.<\/p>\n<p>INTEGRALITA\u2019<br \/>\nLe presenti Condizioni Generali di Vendita sono costituite dalla totalit\u00e0 delle clausole che le compongono. Se una o pi\u00f9 disposizioni delle presenti Condizioni Generali di Vendita \u00e8 considerata non valida o dichiarata tale ai sensi della legge, della regolamentazione o in seguito a una decisione da parte di un Tribunale avente giurisdizione, le altre disposizioni continueranno ad avere pieno vigore ed efficacia.<\/p>\n<p>CONTATTI<br \/>\nPer qualsiasi richiesta di informazione il Cliente pu\u00f2 rivolgersi alla seguente e-mail info@mysticburger.it.<\/p>\n<p>LEGGE APPLICABILE E FORO COMPETENTE<br \/>\nLe presenti Condizioni Generali di Vendita sono sottoposte alla legge italiana.<br \/>\nOgni controversia che non trova soluzione amichevole sar\u00e0 sottoposta alla competenza esclusiva del Tribunale di Como, ad eccezione del caso in cui il cliente sia un consumatore.<br \/>\nIn quest\u2019ultimo caso ogni controversia sar\u00e0 sottoposta alla competenza esclusiva del Tribunale del luogo di residenza o di domicilio del cliente, se ubicati nel territorio dello Stato.<\/p>\n","protected":false},"excerpt":{"rendered":"<p>DISPOSIZIONI GENERALI Le presenti condizioni generali di vendita on line sono valide esclusivamente tra la societ\u00e0 Soul Burger srl , con sede legale in S.s briantea 342 n 4, 22030&hellip;<\/p>\n","protected":false},"author":1,"featured_media":0,"parent":0,"menu_order":0,"comment_status":"closed","ping_status":"closed","template":"","meta":{"inline_featured_image":false,"footnotes":""},"class_list":["post-2433","page","type-page","status-publish","hentry"],"yoast_head":"<!-- This site is optimized with the Yoast SEO plugin v27.0 - https:\/\/yoast.com\/product\/yoast-seo-wordpress\/ -->\n<title>CONDIZIONI DI VENDITA - Mystic Montorfano<\/title>\n<meta name=\"robots\" content=\"index, follow, max-snippet:-1, max-image-preview:large, max-video-preview:-1\" \/>\n<link rel=\"canonical\" href=\"https:\/\/www.mysticburger.com\/montorfano\/condizioni-di-vendita\/\" \/>\n<meta property=\"og:locale\" content=\"it_IT\" \/>\n<meta property=\"og:type\" content=\"article\" \/>\n<meta property=\"og:title\" content=\"CONDIZIONI DI VENDITA - Mystic Montorfano\" \/>\n<meta property=\"og:description\" content=\"DISPOSIZIONI GENERALI Le presenti condizioni generali di vendita on line sono valide esclusivamente tra la societ\u00e0 Soul Burger srl , con sede legale in S.s briantea 342 n 4, 22030&hellip;\" \/>\n<meta property=\"og:url\" content=\"https:\/\/www.mysticburger.com\/montorfano\/condizioni-di-vendita\/\" \/>\n<meta property=\"og:site_name\" content=\"Mystic Montorfano\" \/>\n<meta property=\"article:publisher\" content=\"https:\/\/www.facebook.com\/MysticBurgerOfficial\" \/>\n<meta property=\"article:modified_time\" content=\"2020-05-06T08:19:19+00:00\" \/>\n<meta name=\"twitter:card\" content=\"summary_large_image\" \/>\n<meta name=\"twitter:label1\" content=\"Tempo di lettura stimato\" \/>\n\t<meta name=\"twitter:data1\" content=\"11 minuti\" \/>\n<script type=\"application\/ld+json\" class=\"yoast-schema-graph\">{\"@context\":\"https:\/\/schema.org\",\"@graph\":[{\"@type\":\"WebPage\",\"@id\":\"https:\/\/www.mysticburger.com\/montorfano\/condizioni-di-vendita\/\",\"url\":\"https:\/\/www.mysticburger.com\/montorfano\/condizioni-di-vendita\/\",\"name\":\"CONDIZIONI DI VENDITA - Mystic Montorfano\",\"isPartOf\":{\"@id\":\"https:\/\/www.mysticburger.com\/montorfano\/#website\"},\"datePublished\":\"2020-04-26T19:21:22+00:00\",\"dateModified\":\"2020-05-06T08:19:19+00:00\",\"breadcrumb\":{\"@id\":\"https:\/\/www.mysticburger.com\/montorfano\/condizioni-di-vendita\/#breadcrumb\"},\"inLanguage\":\"it-IT\",\"potentialAction\":[{\"@type\":\"ReadAction\",\"target\":[\"https:\/\/www.mysticburger.com\/montorfano\/condizioni-di-vendita\/\"]}]},{\"@type\":\"BreadcrumbList\",\"@id\":\"https:\/\/www.mysticburger.com\/montorfano\/condizioni-di-vendita\/#breadcrumb\",\"itemListElement\":[{\"@type\":\"ListItem\",\"position\":1,\"name\":\"Home\",\"item\":\"https:\/\/www.mysticburger.com\/montorfano\/\"},{\"@type\":\"ListItem\",\"position\":2,\"name\":\"CONDIZIONI DI VENDITA\"}]},{\"@type\":\"WebSite\",\"@id\":\"https:\/\/www.mysticburger.com\/montorfano\/#website\",\"url\":\"https:\/\/www.mysticburger.com\/montorfano\/\",\"name\":\"Mystic Burger Montorfano\",\"description\":\"Burger and more\",\"publisher\":{\"@id\":\"https:\/\/www.mysticburger.com\/montorfano\/#organization\"},\"potentialAction\":[{\"@type\":\"SearchAction\",\"target\":{\"@type\":\"EntryPoint\",\"urlTemplate\":\"https:\/\/www.mysticburger.com\/montorfano\/?s={search_term_string}\"},\"query-input\":{\"@type\":\"PropertyValueSpecification\",\"valueRequired\":true,\"valueName\":\"search_term_string\"}}],\"inLanguage\":\"it-IT\"},{\"@type\":\"Organization\",\"@id\":\"https:\/\/www.mysticburger.com\/montorfano\/#organization\",\"name\":\"Mystic Burger Montorfano\",\"url\":\"https:\/\/www.mysticburger.com\/montorfano\/\",\"logo\":{\"@type\":\"ImageObject\",\"inLanguage\":\"it-IT\",\"@id\":\"https:\/\/www.mysticburger.com\/montorfano\/#\/schema\/logo\/image\/\",\"url\":\"https:\/\/www.mysticburger.com\/montorfano\/wp-content\/uploads\/sites\/4\/2020\/04\/mystic_mobile-1.png\",\"contentUrl\":\"https:\/\/www.mysticburger.com\/montorfano\/wp-content\/uploads\/sites\/4\/2020\/04\/mystic_mobile-1.png\",\"width\":460,\"height\":296,\"caption\":\"Mystic Burger Montorfano\"},\"image\":{\"@id\":\"https:\/\/www.mysticburger.com\/montorfano\/#\/schema\/logo\/image\/\"},\"sameAs\":[\"https:\/\/www.facebook.com\/MysticBurgerOfficial\",\"https:\/\/www.instagram.com\/mystic_burger\/\",\"https:\/\/www.youtube.com\/channel\/UCkPG24Ff784aWk4rP-gDu4w\"]}]}<\/script>\n<!-- \/ Yoast SEO plugin. -->","yoast_head_json":{"title":"CONDIZIONI DI VENDITA - Mystic Montorfano","robots":{"index":"index","follow":"follow","max-snippet":"max-snippet:-1","max-image-preview":"max-image-preview:large","max-video-preview":"max-video-preview:-1"},"canonical":"https:\/\/www.mysticburger.com\/montorfano\/condizioni-di-vendita\/","og_locale":"it_IT","og_type":"article","og_title":"CONDIZIONI DI VENDITA - Mystic Montorfano","og_description":"DISPOSIZIONI GENERALI Le presenti condizioni generali di vendita on line sono valide esclusivamente tra la societ\u00e0 Soul Burger srl , con sede legale in S.s briantea 342 n 4, 22030&hellip;","og_url":"https:\/\/www.mysticburger.com\/montorfano\/condizioni-di-vendita\/","og_site_name":"Mystic Montorfano","article_publisher":"https:\/\/www.facebook.com\/MysticBurgerOfficial","article_modified_time":"2020-05-06T08:19:19+00:00","twitter_card":"summary_large_image","twitter_misc":{"Tempo di lettura stimato":"11 minuti"},"schema":{"@context":"https:\/\/schema.org","@graph":[{"@type":"WebPage","@id":"https:\/\/www.mysticburger.com\/montorfano\/condizioni-di-vendita\/","url":"https:\/\/www.mysticburger.com\/montorfano\/condizioni-di-vendita\/","name":"CONDIZIONI DI VENDITA - Mystic Montorfano","isPartOf":{"@id":"https:\/\/www.mysticburger.com\/montorfano\/#website"},"datePublished":"2020-04-26T19:21:22+00:00","dateModified":"2020-05-06T08:19:19+00:00","breadcrumb":{"@id":"https:\/\/www.mysticburger.com\/montorfano\/condizioni-di-vendita\/#breadcrumb"},"inLanguage":"it-IT","potentialAction":[{"@type":"ReadAction","target":["https:\/\/www.mysticburger.com\/montorfano\/condizioni-di-vendita\/"]}]},{"@type":"BreadcrumbList","@id":"https:\/\/www.mysticburger.com\/montorfano\/condizioni-di-vendita\/#breadcrumb","itemListElement":[{"@type":"ListItem","position":1,"name":"Home","item":"https:\/\/www.mysticburger.com\/montorfano\/"},{"@type":"ListItem","position":2,"name":"CONDIZIONI DI VENDITA"}]},{"@type":"WebSite","@id":"https:\/\/www.mysticburger.com\/montorfano\/#website","url":"https:\/\/www.mysticburger.com\/montorfano\/","name":"Mystic Burger Montorfano","description":"Burger and more","publisher":{"@id":"https:\/\/www.mysticburger.com\/montorfano\/#organization"},"potentialAction":[{"@type":"SearchAction","target":{"@type":"EntryPoint","urlTemplate":"https:\/\/www.mysticburger.com\/montorfano\/?s={search_term_string}"},"query-input":{"@type":"PropertyValueSpecification","valueRequired":true,"valueName":"search_term_string"}}],"inLanguage":"it-IT"},{"@type":"Organization","@id":"https:\/\/www.mysticburger.com\/montorfano\/#organization","name":"Mystic Burger Montorfano","url":"https:\/\/www.mysticburger.com\/montorfano\/","logo":{"@type":"ImageObject","inLanguage":"it-IT","@id":"https:\/\/www.mysticburger.com\/montorfano\/#\/schema\/logo\/image\/","url":"https:\/\/www.mysticburger.com\/montorfano\/wp-content\/uploads\/sites\/4\/2020\/04\/mystic_mobile-1.png","contentUrl":"https:\/\/www.mysticburger.com\/montorfano\/wp-content\/uploads\/sites\/4\/2020\/04\/mystic_mobile-1.png","width":460,"height":296,"caption":"Mystic Burger Montorfano"},"image":{"@id":"https:\/\/www.mysticburger.com\/montorfano\/#\/schema\/logo\/image\/"},"sameAs":["https:\/\/www.facebook.com\/MysticBurgerOfficial","https:\/\/www.instagram.com\/mystic_burger\/","https:\/\/www.youtube.com\/channel\/UCkPG24Ff784aWk4rP-gDu4w"]}]}},"_links":{"self":[{"href":"https:\/\/www.mysticburger.com\/montorfano\/wp-json\/wp\/v2\/pages\/2433","targetHints":{"allow":["GET"]}}],"collection":[{"href":"https:\/\/www.mysticburger.com\/montorfano\/wp-json\/wp\/v2\/pages"}],"about":[{"href":"https:\/\/www.mysticburger.com\/montorfano\/wp-json\/wp\/v2\/types\/page"}],"author":[{"embeddable":true,"href":"https:\/\/www.mysticburger.com\/montorfano\/wp-json\/wp\/v2\/users\/1"}],"replies":[{"embeddable":true,"href":"https:\/\/www.mysticburger.com\/montorfano\/wp-json\/wp\/v2\/comments?post=2433"}],"version-history":[{"count":2,"href":"https:\/\/www.mysticburger.com\/montorfano\/wp-json\/wp\/v2\/pages\/2433\/revisions"}],"predecessor-version":[{"id":5844,"href":"https:\/\/www.mysticburger.com\/montorfano\/wp-json\/wp\/v2\/pages\/2433\/revisions\/5844"}],"wp:attachment":[{"href":"https:\/\/www.mysticburger.com\/montorfano\/wp-json\/wp\/v2\/media?parent=2433"}],"curies":[{"name":"wp","href":"https:\/\/api.w.org\/{rel}","templated":true}]}}